{"id":53,"date":"2025-11-19T09:35:10","date_gmt":"2025-11-19T08:35:10","guid":{"rendered":"https:\/\/www.pvs.com.pl\/?page_id=53"},"modified":"2025-11-26T18:47:47","modified_gmt":"2025-11-26T17:47:47","slug":"strona-glowna","status":"publish","type":"page","link":"https:\/\/www.pvs.com.pl\/","title":{"rendered":"Strona G\u0142\u00f3wna"},"content":{"rendered":"\t\t<div data-elementor-type=\"wp-post\" data-elementor-id=\"53\" class=\"elementor elementor-53\">\n\t\t\t\t<div class=\"elementor-element elementor-element-3a5f264 e-flex e-con-boxed e-con e-parent\" data-id=\"3a5f264\" data-element_type=\"container\">\n\t\t\t\t\t<div class=\"e-con-inner\">\n\t\t\t\t<div class=\"elementor-element elementor-element-9103d0a elementor-widget elementor-widget-text-editor\" data-id=\"9103d0a\" data-element_type=\"widget\" data-widget_type=\"text-editor.default\">\n\t\t\t\t\t\t\t\t\t<p data-path-to-node=\"5,0\"><b>PVS<\/b> wkracza na rynek, aby zrewolucjonizowa\u0107 standard vendingu. Wierzymy, \u017ce dost\u0119pno\u015b\u0107 nie mo\u017ce i\u015b\u0107 w parze ze spadkiem jako\u015bci.<\/p><p data-path-to-node=\"5,1\">W naszych automatach stosujemy wy\u0142\u0105cznie <b>produkty premium<\/b>: \u015bwie\u017co palon\u0105 kaw\u0119 ziarnist\u0105 oraz wysokiej jako\u015bci dodatki. Wybierz doskona\u0142\u0105 obs\u0142ug\u0119 i smak premium 24\/7.<\/p>\t\t\t\t\t\t\t\t<\/div>\n\t\t\t\t\t<\/div>\n\t\t\t\t<\/div>\n\t\t<div class=\"elementor-element elementor-element-4247efd e-flex e-con-boxed e-con e-parent\" data-id=\"4247efd\" data-element_type=\"container\">\n\t\t\t\t\t<div class=\"e-con-inner\">\n\t\t\t\t<div class=\"elementor-element elementor-element-e55829c elementor-align-center elementor-widget elementor-widget-button\" data-id=\"e55829c\" data-element_type=\"widget\" data-widget_type=\"button.default\">\n\t\t\t\t\t\t\t\t\t\t<a class=\"elementor-button elementor-button-link elementor-size-sm\" href=\"https:\/\/www.pvs.com.pl\/?page_id=61\">\n\t\t\t\t\t\t<span class=\"elementor-button-content-wrapper\">\n\t\t\t\t\t\t\t\t\t<span class=\"elementor-button-text\">Skontaktuj si\u0119 z nami<\/span>\n\t\t\t\t\t<\/span>\n\t\t\t\t\t<\/a>\n\t\t\t\t\t\t\t\t<\/div>\n\t\t\t\t\t<\/div>\n\t\t\t\t<\/div>\n\t\t\t\t<\/div>\n\t\t","protected":false},"excerpt":{"rendered":"<p>PVS wkracza na rynek, aby zrewolucjonizowa\u0107 standard vendingu. Wierzymy, \u017ce dost\u0119pno\u015b\u0107 nie mo\u017ce i\u015b\u0107 w parze ze spadkiem jako\u015bci. W naszych automatach stosujemy wy\u0142\u0105cznie produkty premium: \u015bwie\u017co palon\u0105 kaw\u0119 ziarnist\u0105 oraz wysokiej jako\u015bci dodatki. Wybierz doskona\u0142\u0105 obs\u0142ug\u0119 i smak premium 24\/7. Skontaktuj si\u0119 z nami<\/p>\n","protected":false},"author":1,"featured_media":0,"parent":0,"menu_order":0,"comment_status":"closed","ping_status":"closed","template":"page-templates\/template-pagebuilder-full-width.php","meta":{"neve_meta_sidebar":"","neve_meta_container":"","neve_meta_enable_content_width":"","neve_meta_content_width":0,"neve_meta_title_alignment":"","neve_meta_author_avatar":"","neve_post_elements_order":"","neve_meta_disable_header":"","neve_meta_disable_footer":"","neve_meta_disable_title":"","footnotes":""},"class_list":["post-53","page","type-page","status-publish","hentry"],"_links":{"self":[{"href":"https:\/\/www.pvs.com.pl\/index.php?rest_route=\/wp\/v2\/pages\/53","targetHints":{"allow":["GET"]}}],"collection":[{"href":"https:\/\/www.pvs.com.pl\/index.php?rest_route=\/wp\/v2\/pages"}],"about":[{"href":"https:\/\/www.pvs.com.pl\/index.php?rest_route=\/wp\/v2\/types\/page"}],"author":[{"embeddable":true,"href":"https:\/\/www.pvs.com.pl\/index.php?rest_route=\/wp\/v2\/users\/1"}],"replies":[{"embeddable":true,"href":"https:\/\/www.pvs.com.pl\/index.php?rest_route=%2Fwp%2Fv2%2Fcomments&post=53"}],"version-history":[{"count":25,"href":"https:\/\/www.pvs.com.pl\/index.php?rest_route=\/wp\/v2\/pages\/53\/revisions"}],"predecessor-version":[{"id":113,"href":"https:\/\/www.pvs.com.pl\/index.php?rest_route=\/wp\/v2\/pages\/53\/revisions\/113"}],"wp:attachment":[{"href":"https:\/\/www.pvs.com.pl\/index.php?rest_route=%2Fwp%2Fv2%2Fmedia&parent=53"}],"curies":[{"name":"wp","href":"https:\/\/api.w.org\/{rel}","templated":true}]}}